{"id":1720,"date":"2020-10-08T13:20:17","date_gmt":"2020-10-08T17:20:17","guid":{"rendered":"http:\/\/ccigr.flywheelsites.com\/?post_type=product&#038;p=1720"},"modified":"2025-07-16T14:54:37","modified_gmt":"2025-07-16T18:54:37","slug":"organisation-gouvernementale","status":"publish","type":"product","link":"https:\/\/ccigr.ca\/en\/produit\/organisation-gouvernementale\/","title":{"rendered":"Abonnement &#8211; Organisation Gouvernementale"},"content":{"rendered":"<p>COTISATION ORGANISME GOUVERNEMENTALE\/MUNICIPALE (VALIDE 1 AN) *COMPREND 2 D\u00c9L\u00c9GU\u00c9S<\/p>\n<!-- AddThis Advanced Settings generic via filter on the_content --><!-- AddThis Share Buttons generic via filter on the_content -->","protected":false},"excerpt":{"rendered":"<p><em>***L&#8217;abonnement comprend 2 d\u00e9l\u00e9gu\u00e9s membres***<\/em><\/p>\n<p><strong>Est inclus dans votre cotisation:<\/strong><\/p>\n<ul>\n<li>Deux (2) billets pour assister gratuitement \u00e0 l&#8217;assembl\u00e9e g\u00e9n\u00e9rale annuelle (AGA)<\/li>\n<li>Tarif pr\u00e9f\u00e9rentiel pour assister \u00e0 tous les \u00e9v\u00e9nements de la CCIGR<\/li>\n<\/ul>\n<p><strong>\u00catre membre c&#8217;est:<\/strong><\/p>\n<ul>\n<li>Faire rayonner votre entreprise localement<\/li>\n<li>Profiter d&#8217;occasions de r\u00e9seautage, d&#8217;entraide et de soutien dans le d\u00e9veloppement d&#8217;affaires<\/li>\n<li>C\u00f4toyer un r\u00e9seau fort et une communaut\u00e9 engag\u00e9e<\/li>\n<li>Obtenir des informations pertinentes<\/li>\n<li>B\u00e9n\u00e9ficier de diverses formes de visibilit\u00e9 (journaux, m\u00e9dias sociaux, infolettre, bottin des membres, site internet, t\u00e9l\u00e9visuelle, commandite)<\/li>\n<li>Tirer parti de plusieurs avantages commerciaux exclusifs<\/li>\n<\/ul>\n<p>Faire partie de la CCIGR, c\u2019est faire partie d\u2019un r\u00e9seau de pr\u00e8s de 400 gens d\u2019affaires qui se rencontrent pour \u00e9changer, cr\u00e9er des liens et partager leurs connaissances!<!-- AddThis Advanced Settings generic via filter on get_the_excerpt --><!-- AddThis Share Buttons generic via filter on get_the_excerpt --><\/p>\n","protected":false},"featured_media":19374,"template":"","meta":{"_acf_changed":false,"_price":"416.25","_stock":"","_tribe_ticket_header":"","_tribe_default_ticket_provider":"","_tribe_ticket_capacity":"1","_ticket_start_date":"","_ticket_end_date":"","_tribe_ticket_show_description":"","_tribe_ticket_show_not_going":false,"_tribe_ticket_use_global_stock":"","_tribe_ticket_global_stock_level":"","_global_stock_mode":"","_global_stock_cap":"","_tribe_rsvp_for_event":"","_tribe_ticket_going_count":"","_tribe_ticket_not_going_count":"","_tribe_tickets_list":"[]","_tribe_ticket_has_attendee_info_fields":false,"_tec_slr_enabled":"","_tec_slr_layout":""},"product_brand":[],"product_cat":[48],"product_tag":[],"class_list":{"0":"post-1720","1":"product","2":"type-product","3":"status-publish","4":"has-post-thumbnail","6":"product_cat-inscription-membre","8":"first","9":"instock","10":"virtual","11":"taxable","12":"purchasable","13":"product-type-simple"},"acf":[],"yoast_head":"<!-- This site is optimized with the Yoast SEO plugin v27.2 - https:\/\/yoast.com\/product\/yoast-seo-wordpress\/ -->\n<title>Abonnement - Organisation Gouvernementale - Chambre de Commerce et d&#039;industrie du Grand Roussillon<\/title>\n<meta name=\"robots\" content=\"index, follow, max-snippet:-1, max-image-preview:large, max-video-preview:-1\" \/>\n<link rel=\"canonical\" href=\"https:\/\/ccigr.ca\/en\/produit\/organisation-gouvernementale\/\" \/>\n<meta property=\"og:locale\" content=\"en_US\" \/>\n<meta property=\"og:type\" content=\"article\" \/>\n<meta property=\"og:title\" content=\"Abonnement - Organisation Gouvernementale - Chambre de Commerce et d&#039;industrie du Grand Roussillon\" \/>\n<meta property=\"og:description\" content=\"***L&#039;abonnement comprend 2 d\u00e9l\u00e9gu\u00e9s membres***  Est inclus dans votre cotisation:   Deux (2) billets pour assister gratuitement \u00e0 l&#039;assembl\u00e9e g\u00e9n\u00e9rale annuelle (AGA)  Tarif pr\u00e9f\u00e9rentiel pour assister \u00e0 tous les \u00e9v\u00e9nements de la CCIGR  \u00catre membre c&#039;est:   Faire rayonner votre entreprise localement  Profiter d&#039;occasions de r\u00e9seautage, d&#039;entraide et de soutien dans le d\u00e9veloppement d&#039;affaires  C\u00f4toyer un r\u00e9seau fort et une communaut\u00e9 engag\u00e9e  Obtenir des informations pertinentes  B\u00e9n\u00e9ficier de diverses formes de visibilit\u00e9 (journaux, m\u00e9dias sociaux, infolettre, bottin des membres, site internet, t\u00e9l\u00e9visuelle, commandite)  Tirer parti de plusieurs avantages commerciaux exclusifs  Faire partie de la CCIGR, c\u2019est faire partie d\u2019un r\u00e9seau de pr\u00e8s de 400 gens d\u2019affaires qui se rencontrent pour \u00e9changer, cr\u00e9er des liens et partager leurs connaissances!\" \/>\n<meta property=\"og:url\" content=\"https:\/\/ccigr.ca\/en\/produit\/organisation-gouvernementale\/\" \/>\n<meta property=\"og:site_name\" content=\"Chambre de Commerce et d&#039;industrie du Grand Roussillon\" \/>\n<meta property=\"article:publisher\" content=\"https:\/\/www.facebook.com\/CCIGR\" \/>\n<meta property=\"article:modified_time\" content=\"2025-07-16T18:54:37+00:00\" \/>\n<meta property=\"og:image\" content=\"https:\/\/ccigr.ca\/wp-content\/uploads\/2020\/10\/Organisation-Gouvernementale-2.png\" \/>\n\t<meta property=\"og:image:width\" content=\"400\" \/>\n\t<meta property=\"og:image:height\" content=\"400\" \/>\n\t<meta property=\"og:image:type\" content=\"image\/png\" \/>\n<meta name=\"twitter:card\" content=\"summary_large_image\" \/>\n<meta name=\"twitter:label1\" content=\"Est. reading time\" \/>\n\t<meta name=\"twitter:data1\" content=\"1 minute\" \/>\n<script type=\"application\/ld+json\" class=\"yoast-schema-graph\">{\"@context\":\"https:\/\/schema.org\",\"@graph\":[{\"@type\":\"WebPage\",\"@id\":\"https:\/\/ccigr.ca\/en\/produit\/organisation-gouvernementale\/\",\"url\":\"https:\/\/ccigr.ca\/en\/produit\/organisation-gouvernementale\/\",\"name\":\"Abonnement - Organisation Gouvernementale - Chambre de Commerce et d&#039;industrie du Grand Roussillon\",\"isPartOf\":{\"@id\":\"https:\/\/ccigr.ca\/en\/#website\"},\"primaryImageOfPage\":{\"@id\":\"https:\/\/ccigr.ca\/en\/produit\/organisation-gouvernementale\/#primaryimage\"},\"image\":{\"@id\":\"https:\/\/ccigr.ca\/en\/produit\/organisation-gouvernementale\/#primaryimage\"},\"thumbnailUrl\":\"https:\/\/ccigr.ca\/wp-content\/uploads\/2020\/10\/Organisation-Gouvernementale-2.png\",\"datePublished\":\"2020-10-08T17:20:17+00:00\",\"dateModified\":\"2025-07-16T18:54:37+00:00\",\"inLanguage\":\"en-US\",\"potentialAction\":[{\"@type\":\"ReadAction\",\"target\":[\"https:\/\/ccigr.ca\/en\/produit\/organisation-gouvernementale\/\"]}]},{\"@type\":\"ImageObject\",\"inLanguage\":\"en-US\",\"@id\":\"https:\/\/ccigr.ca\/en\/produit\/organisation-gouvernementale\/#primaryimage\",\"url\":\"https:\/\/ccigr.ca\/wp-content\/uploads\/2020\/10\/Organisation-Gouvernementale-2.png\",\"contentUrl\":\"https:\/\/ccigr.ca\/wp-content\/uploads\/2020\/10\/Organisation-Gouvernementale-2.png\",\"width\":400,\"height\":400},{\"@type\":\"WebSite\",\"@id\":\"https:\/\/ccigr.ca\/en\/#website\",\"url\":\"https:\/\/ccigr.ca\/en\/\",\"name\":\"Chambre de Commerce et d'industrie du Grand Roussillon\",\"description\":\"\",\"publisher\":{\"@id\":\"https:\/\/ccigr.ca\/en\/#organization\"},\"potentialAction\":[{\"@type\":\"SearchAction\",\"target\":{\"@type\":\"EntryPoint\",\"urlTemplate\":\"https:\/\/ccigr.ca\/en\/?s={search_term_string}\"},\"query-input\":{\"@type\":\"PropertyValueSpecification\",\"valueRequired\":true,\"valueName\":\"search_term_string\"}}],\"inLanguage\":\"en-US\"},{\"@type\":\"Organization\",\"@id\":\"https:\/\/ccigr.ca\/en\/#organization\",\"name\":\"Chambre de Commerce et d'industrie du Grand Roussillon\",\"url\":\"https:\/\/ccigr.ca\/en\/\",\"logo\":{\"@type\":\"ImageObject\",\"inLanguage\":\"en-US\",\"@id\":\"https:\/\/ccigr.ca\/en\/#\/schema\/logo\/image\/\",\"url\":\"https:\/\/ccigr.ca\/wp-content\/uploads\/2020\/09\/CCIGR-logo.svg\",\"contentUrl\":\"https:\/\/ccigr.ca\/wp-content\/uploads\/2020\/09\/CCIGR-logo.svg\",\"caption\":\"Chambre de Commerce et d'industrie du Grand Roussillon\"},\"image\":{\"@id\":\"https:\/\/ccigr.ca\/en\/#\/schema\/logo\/image\/\"},\"sameAs\":[\"https:\/\/www.facebook.com\/CCIGR\",\"https:\/\/www.linkedin.com\/company\/ccigr1\",\"https:\/\/www.instagram.com\/ccigrandroussillon\/\"]}]}<\/script>\n<!-- \/ Yoast SEO plugin. -->","yoast_head_json":{"title":"Abonnement - Organisation Gouvernementale - Chambre de Commerce et d&#039;industrie du Grand Roussillon","robots":{"index":"index","follow":"follow","max-snippet":"max-snippet:-1","max-image-preview":"max-image-preview:large","max-video-preview":"max-video-preview:-1"},"canonical":"https:\/\/ccigr.ca\/en\/produit\/organisation-gouvernementale\/","og_locale":"en_US","og_type":"article","og_title":"Abonnement - Organisation Gouvernementale - Chambre de Commerce et d&#039;industrie du Grand Roussillon","og_description":"***L'abonnement comprend 2 d\u00e9l\u00e9gu\u00e9s membres***  Est inclus dans votre cotisation:   Deux (2) billets pour assister gratuitement \u00e0 l'assembl\u00e9e g\u00e9n\u00e9rale annuelle (AGA)  Tarif pr\u00e9f\u00e9rentiel pour assister \u00e0 tous les \u00e9v\u00e9nements de la CCIGR  \u00catre membre c'est:   Faire rayonner votre entreprise localement  Profiter d'occasions de r\u00e9seautage, d'entraide et de soutien dans le d\u00e9veloppement d'affaires  C\u00f4toyer un r\u00e9seau fort et une communaut\u00e9 engag\u00e9e  Obtenir des informations pertinentes  B\u00e9n\u00e9ficier de diverses formes de visibilit\u00e9 (journaux, m\u00e9dias sociaux, infolettre, bottin des membres, site internet, t\u00e9l\u00e9visuelle, commandite)  Tirer parti de plusieurs avantages commerciaux exclusifs  Faire partie de la CCIGR, c\u2019est faire partie d\u2019un r\u00e9seau de pr\u00e8s de 400 gens d\u2019affaires qui se rencontrent pour \u00e9changer, cr\u00e9er des liens et partager leurs connaissances!","og_url":"https:\/\/ccigr.ca\/en\/produit\/organisation-gouvernementale\/","og_site_name":"Chambre de Commerce et d&#039;industrie du Grand Roussillon","article_publisher":"https:\/\/www.facebook.com\/CCIGR","article_modified_time":"2025-07-16T18:54:37+00:00","og_image":[{"width":400,"height":400,"url":"https:\/\/ccigr.ca\/wp-content\/uploads\/2020\/10\/Organisation-Gouvernementale-2.png","type":"image\/png"}],"twitter_card":"summary_large_image","twitter_misc":{"Est. reading time":"1 minute"},"schema":{"@context":"https:\/\/schema.org","@graph":[{"@type":"WebPage","@id":"https:\/\/ccigr.ca\/en\/produit\/organisation-gouvernementale\/","url":"https:\/\/ccigr.ca\/en\/produit\/organisation-gouvernementale\/","name":"Abonnement - Organisation Gouvernementale - Chambre de Commerce et d&#039;industrie du Grand Roussillon","isPartOf":{"@id":"https:\/\/ccigr.ca\/en\/#website"},"primaryImageOfPage":{"@id":"https:\/\/ccigr.ca\/en\/produit\/organisation-gouvernementale\/#primaryimage"},"image":{"@id":"https:\/\/ccigr.ca\/en\/produit\/organisation-gouvernementale\/#primaryimage"},"thumbnailUrl":"https:\/\/ccigr.ca\/wp-content\/uploads\/2020\/10\/Organisation-Gouvernementale-2.png","datePublished":"2020-10-08T17:20:17+00:00","dateModified":"2025-07-16T18:54:37+00:00","inLanguage":"en-US","potentialAction":[{"@type":"ReadAction","target":["https:\/\/ccigr.ca\/en\/produit\/organisation-gouvernementale\/"]}]},{"@type":"ImageObject","inLanguage":"en-US","@id":"https:\/\/ccigr.ca\/en\/produit\/organisation-gouvernementale\/#primaryimage","url":"https:\/\/ccigr.ca\/wp-content\/uploads\/2020\/10\/Organisation-Gouvernementale-2.png","contentUrl":"https:\/\/ccigr.ca\/wp-content\/uploads\/2020\/10\/Organisation-Gouvernementale-2.png","width":400,"height":400},{"@type":"WebSite","@id":"https:\/\/ccigr.ca\/en\/#website","url":"https:\/\/ccigr.ca\/en\/","name":"Chambre de Commerce et d'industrie du Grand Roussillon","description":"","publisher":{"@id":"https:\/\/ccigr.ca\/en\/#organization"},"potentialAction":[{"@type":"SearchAction","target":{"@type":"EntryPoint","urlTemplate":"https:\/\/ccigr.ca\/en\/?s={search_term_string}"},"query-input":{"@type":"PropertyValueSpecification","valueRequired":true,"valueName":"search_term_string"}}],"inLanguage":"en-US"},{"@type":"Organization","@id":"https:\/\/ccigr.ca\/en\/#organization","name":"Chambre de Commerce et d'industrie du Grand Roussillon","url":"https:\/\/ccigr.ca\/en\/","logo":{"@type":"ImageObject","inLanguage":"en-US","@id":"https:\/\/ccigr.ca\/en\/#\/schema\/logo\/image\/","url":"https:\/\/ccigr.ca\/wp-content\/uploads\/2020\/09\/CCIGR-logo.svg","contentUrl":"https:\/\/ccigr.ca\/wp-content\/uploads\/2020\/09\/CCIGR-logo.svg","caption":"Chambre de Commerce et d'industrie du Grand Roussillon"},"image":{"@id":"https:\/\/ccigr.ca\/en\/#\/schema\/logo\/image\/"},"sameAs":["https:\/\/www.facebook.com\/CCIGR","https:\/\/www.linkedin.com\/company\/ccigr1","https:\/\/www.instagram.com\/ccigrandroussillon\/"]}]}},"_links":{"self":[{"href":"https:\/\/ccigr.ca\/en\/wp-json\/wp\/v2\/product\/1720","targetHints":{"allow":["GET"]}}],"collection":[{"href":"https:\/\/ccigr.ca\/en\/wp-json\/wp\/v2\/product"}],"about":[{"href":"https:\/\/ccigr.ca\/en\/wp-json\/wp\/v2\/types\/product"}],"wp:featuredmedia":[{"embeddable":true,"href":"https:\/\/ccigr.ca\/en\/wp-json\/wp\/v2\/media\/19374"}],"wp:attachment":[{"href":"https:\/\/ccigr.ca\/en\/wp-json\/wp\/v2\/media?parent=1720"}],"wp:term":[{"taxonomy":"product_brand","embeddable":true,"href":"https:\/\/ccigr.ca\/en\/wp-json\/wp\/v2\/product_brand?post=1720"},{"taxonomy":"product_cat","embeddable":true,"href":"https:\/\/ccigr.ca\/en\/wp-json\/wp\/v2\/product_cat?post=1720"},{"taxonomy":"product_tag","embeddable":true,"href":"https:\/\/ccigr.ca\/en\/wp-json\/wp\/v2\/product_tag?post=1720"}],"curies":[{"name":"wp","href":"https:\/\/api.w.org\/{rel}","templated":true}]}}